{"id":769,"date":"2022-01-27T18:27:26","date_gmt":"2022-01-27T18:27:26","guid":{"rendered":"https:\/\/wgl-demo.net\/lunfest\/?page_id=769"},"modified":"2024-09-17T07:41:56","modified_gmt":"2024-09-17T07:41:56","slug":"nuestros-talentos","status":"publish","type":"page","link":"https:\/\/adamantagency.com\/en\/nuestros-talentos\/","title":{"rendered":"Our talents"},"content":{"rendered":"<div data-elementor-type=\"wp-page\" data-elementor-id=\"769\" class=\"elementor elementor-769\">\n\t\t\t\t\t\t<section class=\"elementor-section elementor-top-section elementor-element elementor-element-9a78802 elementor-section-boxed elementor-section-height-default elementor-section-height-default\" data-id=\"9a78802\" data-element_type=\"section\">\n\t\t\t\t\t\t<div class=\"elementor-container elementor-column-gap-default\">\n\t\t\t\t\t<div class=\"elementor-column elementor-col-100 elementor-top-column elementor-element elementor-element-d283675\" data-id=\"d283675\" data-element_type=\"column\">\n\t\t\t<div class=\"elementor-widget-wrap elementor-element-populated\">\n\t\t\t\t\t\t<div class=\"elementor-element elementor-element-7663593 elementor-widget elementor-widget-text-editor\" data-id=\"7663593\" data-element_type=\"widget\" data-widget_type=\"text-editor.default\">\n\t\t\t\t<div class=\"elementor-widget-container\">\n\t\t\t\t\t\t\t\t\t<p>Our influencers accumulate millions of followers and views to connect with your brand.<\/p>\t\t\t\t\t\t\t\t<\/div>\n\t\t\t\t<\/div>\n\t\t\t\t<div class=\"elementor-element elementor-element-26bc91e elementor-widget elementor-widget-heading\" data-id=\"26bc91e\" data-element_type=\"widget\" data-widget_type=\"heading.default\">\n\t\t\t\t<div class=\"elementor-widget-container\">\n\t\t\t\t\t<h2 class=\"elementor-heading-title elementor-size-default\">MikeCrack<\/h2>\t\t\t\t<\/div>\n\t\t\t\t<\/div>\n\t\t\t\t\t<\/div>\n\t\t<\/div>\n\t\t\t\t\t<\/div>\n\t\t<\/section>\n\t\t\t\t<section class=\"elementor-section elementor-top-section elementor-element elementor-element-61c5a93 elementor-section-boxed elementor-section-height-default elementor-section-height-default\" data-id=\"61c5a93\" data-element_type=\"section\">\n\t\t\t\t\t\t<div class=\"elementor-container elementor-column-gap-default\">\n\t\t\t\t\t<div class=\"elementor-column elementor-col-100 elementor-top-column elementor-element elementor-element-f070a94\" data-id=\"f070a94\" data-element_type=\"column\">\n\t\t\t<div class=\"elementor-widget-wrap elementor-element-populated\">\n\t\t\t\t\t\t<div class=\"elementor-element elementor-element-4fefb41 elementor-widget elementor-widget-text-editor\" data-id=\"4fefb41\" data-element_type=\"widget\" data-widget_type=\"text-editor.default\">\n\t\t\t\t<div class=\"elementor-widget-container\">\n\t\t\t\t\t\t\t\t\t<p>Categor\u00eda: Gaming, Variedad, Animaci\u00f3n<br \/>Pa\u00eds: Espa\u00f1a<\/p><p>Top 1 canales de Espa\u00f1a con m\u00e1s seguidores y acumula un total de +14 billones de views.<br \/>Cuenta con su propia serie de animaci\u00f3n \u00abLas Perrer\u00edas de Mike\u00bb, siendo todo un \u00e9xito en YouTube.<br \/>Ha publicado una saga de 6 libros, junto a ElTrollino y Timba Vk, que se han consolidado como los m\u00e1s<br \/>le\u00eddos de habla hispana en los \u00faltimos 3 a\u00f1os, con +1,5M ejemplares vendidos en todo el mundo.<br \/>Adem\u00e1s, tiene una saga de libros propia, \u00abLas Perrer\u00edas de Mike\u00bb, que cuenta con 2 libros publicados<br \/>actualmente. Mike crea sus propias canciones originales, que cuentan con +300K oyentes mensuales en Spotify.<\/p>\t\t\t\t\t\t\t\t<\/div>\n\t\t\t\t<\/div>\n\t\t\t\t\t<\/div>\n\t\t<\/div>\n\t\t\t\t\t<\/div>\n\t\t<\/section>\n\t\t\t\t<section class=\"elementor-section elementor-top-section elementor-element elementor-element-3dd2d66 elementor-section-boxed elementor-section-height-default elementor-section-height-default\" data-id=\"3dd2d66\" data-element_type=\"section\">\n\t\t\t\t\t\t<div class=\"elementor-container elementor-column-gap-default\">\n\t\t\t\t\t<div class=\"elementor-column elementor-col-25 elementor-top-column elementor-element elementor-element-2ce8d81\" data-id=\"2ce8d81\" data-element_type=\"column\">\n\t\t\t<div class=\"elementor-widget-wrap elementor-element-populated\">\n\t\t\t\t\t\t<div class=\"elementor-element elementor-element-77b3234 elementor-widget elementor-widget-image\" data-id=\"77b3234\" data-element_type=\"widget\" data-widget_type=\"image.default\">\n\t\t\t\t<div class=\"elementor-widget-container\">\n\t\t\t\t\t\t\t\t\t\t\t\t\t\t\t<img decoding=\"async\" width=\"122\" height=\"104\" src=\"https:\/\/adamantagency.com\/wp-content\/uploads\/2024\/09\/image_2024-09-17_093445803.png\" class=\"attachment-thumbnail size-thumbnail wp-image-6017\" alt=\"\" srcset=\"https:\/\/adamantagency.com\/wp-content\/uploads\/2024\/09\/image_2024-09-17_093445803.png 122w, https:\/\/adamantagency.com\/wp-content\/uploads\/2024\/09\/image_2024-09-17_093445803-14x12.png 14w\" sizes=\"(max-width: 122px) 100vw, 122px\" \/>\t\t\t\t\t\t\t\t\t\t\t\t\t\t\t<\/div>\n\t\t\t\t<\/div>\n\t\t\t\t\t<\/div>\n\t\t<\/div>\n\t\t\t\t<div class=\"elementor-column elementor-col-25 elementor-top-column elementor-element elementor-element-6de5ed6\" data-id=\"6de5ed6\" data-element_type=\"column\">\n\t\t\t<div class=\"elementor-widget-wrap elementor-element-populated\">\n\t\t\t\t\t\t<div class=\"elementor-element elementor-element-75fb041 elementor-widget elementor-widget-image\" data-id=\"75fb041\" data-element_type=\"widget\" data-widget_type=\"image.default\">\n\t\t\t\t<div class=\"elementor-widget-container\">\n\t\t\t\t\t\t\t\t\t\t\t\t\t\t\t<img decoding=\"async\" width=\"148\" height=\"110\" src=\"https:\/\/adamantagency.com\/wp-content\/uploads\/2024\/09\/image_2024-09-17_093520518.png\" class=\"attachment-large size-large wp-image-6018\" alt=\"\" srcset=\"https:\/\/adamantagency.com\/wp-content\/uploads\/2024\/09\/image_2024-09-17_093520518.png 148w, https:\/\/adamantagency.com\/wp-content\/uploads\/2024\/09\/image_2024-09-17_093520518-16x12.png 16w\" sizes=\"(max-width: 148px) 100vw, 148px\" \/>\t\t\t\t\t\t\t\t\t\t\t\t\t\t\t<\/div>\n\t\t\t\t<\/div>\n\t\t\t\t\t<\/div>\n\t\t<\/div>\n\t\t\t\t<div class=\"elementor-column elementor-col-25 elementor-top-column elementor-element elementor-element-7632056\" data-id=\"7632056\" data-element_type=\"column\">\n\t\t\t<div class=\"elementor-widget-wrap elementor-element-populated\">\n\t\t\t\t\t\t<div class=\"elementor-element elementor-element-5385ef5 elementor-widget elementor-widget-image\" data-id=\"5385ef5\" data-element_type=\"widget\" data-widget_type=\"image.default\">\n\t\t\t\t<div class=\"elementor-widget-container\">\n\t\t\t\t\t\t\t\t\t\t\t\t\t\t\t<img decoding=\"async\" width=\"109\" height=\"117\" src=\"https:\/\/adamantagency.com\/wp-content\/uploads\/2024\/09\/image_2024-09-17_093646009.png\" class=\"attachment-large size-large wp-image-6019\" alt=\"\" srcset=\"https:\/\/adamantagency.com\/wp-content\/uploads\/2024\/09\/image_2024-09-17_093646009.png 109w, https:\/\/adamantagency.com\/wp-content\/uploads\/2024\/09\/image_2024-09-17_093646009-11x12.png 11w\" sizes=\"(max-width: 109px) 100vw, 109px\" \/>\t\t\t\t\t\t\t\t\t\t\t\t\t\t\t<\/div>\n\t\t\t\t<\/div>\n\t\t\t\t\t<\/div>\n\t\t<\/div>\n\t\t\t\t<div class=\"elementor-column elementor-col-25 elementor-top-column elementor-element elementor-element-2d2e89f\" data-id=\"2d2e89f\" data-element_type=\"column\">\n\t\t\t<div class=\"elementor-widget-wrap elementor-element-populated\">\n\t\t\t\t\t\t<div class=\"elementor-element elementor-element-aa7a32a elementor-widget elementor-widget-image\" data-id=\"aa7a32a\" data-element_type=\"widget\" data-widget_type=\"image.default\">\n\t\t\t\t<div class=\"elementor-widget-container\">\n\t\t\t\t\t\t\t\t\t\t\t\t\t\t\t<img loading=\"lazy\" decoding=\"async\" width=\"129\" height=\"132\" src=\"https:\/\/adamantagency.com\/wp-content\/uploads\/2024\/09\/image_2024-09-17_093711842.png\" class=\"attachment-large size-large wp-image-6020\" alt=\"\" srcset=\"https:\/\/adamantagency.com\/wp-content\/uploads\/2024\/09\/image_2024-09-17_093711842.png 129w, https:\/\/adamantagency.com\/wp-content\/uploads\/2024\/09\/image_2024-09-17_093711842-12x12.png 12w\" sizes=\"(max-width: 129px) 100vw, 129px\" \/>\t\t\t\t\t\t\t\t\t\t\t\t\t\t\t<\/div>\n\t\t\t\t<\/div>\n\t\t\t\t\t<\/div>\n\t\t<\/div>\n\t\t\t\t\t<\/div>\n\t\t<\/section>\n\t\t\t\t<section class=\"elementor-section elementor-top-section elementor-element elementor-element-c454347 elementor-section-boxed elementor-section-height-default elementor-section-height-default\" data-id=\"c454347\" data-element_type=\"section\">\n\t\t\t\t\t\t<div class=\"elementor-container elementor-column-gap-default\">\n\t\t\t\t\t<div class=\"elementor-column elementor-col-50 elementor-top-column elementor-element elementor-element-fc1020e\" data-id=\"fc1020e\" data-element_type=\"column\">\n\t\t\t<div class=\"elementor-widget-wrap elementor-element-populated\">\n\t\t\t\t\t\t<div class=\"elementor-element elementor-element-8e393ce elementor-widget elementor-widget-image\" data-id=\"8e393ce\" data-element_type=\"widget\" data-widget_type=\"image.default\">\n\t\t\t\t<div class=\"elementor-widget-container\">\n\t\t\t\t\t\t\t\t\t\t\t\t\t\t\t<img loading=\"lazy\" decoding=\"async\" width=\"443\" height=\"494\" src=\"https:\/\/adamantagency.com\/wp-content\/uploads\/2024\/09\/image_2024-09-17_094110226.png\" class=\"attachment-large size-large wp-image-6021\" alt=\"\" srcset=\"https:\/\/adamantagency.com\/wp-content\/uploads\/2024\/09\/image_2024-09-17_094110226.png 443w, https:\/\/adamantagency.com\/wp-content\/uploads\/2024\/09\/image_2024-09-17_094110226-269x300.png 269w, https:\/\/adamantagency.com\/wp-content\/uploads\/2024\/09\/image_2024-09-17_094110226-11x12.png 11w\" sizes=\"(max-width: 443px) 100vw, 443px\" \/>\t\t\t\t\t\t\t\t\t\t\t\t\t\t\t<\/div>\n\t\t\t\t<\/div>\n\t\t\t\t\t<\/div>\n\t\t<\/div>\n\t\t\t\t<div class=\"elementor-column elementor-col-50 elementor-top-column elementor-element elementor-element-5d87c24\" data-id=\"5d87c24\" data-element_type=\"column\">\n\t\t\t<div class=\"elementor-widget-wrap elementor-element-populated\">\n\t\t\t\t\t\t<div class=\"elementor-element elementor-element-6aae19c elementor-widget elementor-widget-image\" data-id=\"6aae19c\" data-element_type=\"widget\" data-widget_type=\"image.default\">\n\t\t\t\t<div class=\"elementor-widget-container\">\n\t\t\t\t\t\t\t\t\t\t\t\t\t\t\t<img loading=\"lazy\" decoding=\"async\" width=\"448\" height=\"318\" src=\"https:\/\/adamantagency.com\/wp-content\/uploads\/2024\/09\/image_2024-09-17_094133371.png\" class=\"attachment-large size-large wp-image-6022\" alt=\"\" srcset=\"https:\/\/adamantagency.com\/wp-content\/uploads\/2024\/09\/image_2024-09-17_094133371.png 448w, https:\/\/adamantagency.com\/wp-content\/uploads\/2024\/09\/image_2024-09-17_094133371-300x213.png 300w, https:\/\/adamantagency.com\/wp-content\/uploads\/2024\/09\/image_2024-09-17_094133371-18x12.png 18w\" sizes=\"(max-width: 448px) 100vw, 448px\" \/>\t\t\t\t\t\t\t\t\t\t\t\t\t\t\t<\/div>\n\t\t\t\t<\/div>\n\t\t\t\t\t<\/div>\n\t\t<\/div>\n\t\t\t\t\t<\/div>\n\t\t<\/section>\n\t\t\t\t<\/div>","protected":false},"excerpt":{"rendered":"<p>Nuestros influencers acumulan millones de seguidores y visualizaciones para conectar con tu marca. MikeCrack Categor\u00eda: Gaming, Variedad, Animaci\u00f3nPa\u00eds: Espa\u00f1a Top 1 canales de Espa\u00f1a con m\u00e1s seguidores y acumula un total de +14 billones de views.Cuenta con su propia serie de animaci\u00f3n \u00abLas Perrer\u00edas de Mike\u00bb, siendo todo un \u00e9xito en YouTube.Ha publicado una saga [&hellip;]<\/p>","protected":false},"author":2,"featured_media":0,"parent":0,"menu_order":0,"comment_status":"closed","ping_status":"closed","template":"","meta":{"footnotes":""},"class_list":["post-769","page","type-page","status-publish","hentry"],"_links":{"self":[{"href":"https:\/\/adamantagency.com\/en\/wp-json\/wp\/v2\/pages\/769","targetHints":{"allow":["GET"]}}],"collection":[{"href":"https:\/\/adamantagency.com\/en\/wp-json\/wp\/v2\/pages"}],"about":[{"href":"https:\/\/adamantagency.com\/en\/wp-json\/wp\/v2\/types\/page"}],"author":[{"embeddable":true,"href":"https:\/\/adamantagency.com\/en\/wp-json\/wp\/v2\/users\/2"}],"replies":[{"embeddable":true,"href":"https:\/\/adamantagency.com\/en\/wp-json\/wp\/v2\/comments?post=769"}],"version-history":[{"count":35,"href":"https:\/\/adamantagency.com\/en\/wp-json\/wp\/v2\/pages\/769\/revisions"}],"predecessor-version":[{"id":6025,"href":"https:\/\/adamantagency.com\/en\/wp-json\/wp\/v2\/pages\/769\/revisions\/6025"}],"wp:attachment":[{"href":"https:\/\/adamantagency.com\/en\/wp-json\/wp\/v2\/media?parent=769"}],"curies":[{"name":"wp","href":"https:\/\/api.w.org\/{rel}","templated":true}]}}