{"id":2238,"date":"2022-02-04T09:59:53","date_gmt":"2022-02-04T09:59:53","guid":{"rendered":"https:\/\/wgl-demo.net\/lunfest\/?page_id=2238"},"modified":"2025-11-19T04:34:04","modified_gmt":"2025-11-19T04:34:04","slug":"inicio","status":"publish","type":"page","link":"https:\/\/adamantagency.com\/en\/","title":{"rendered":"Home"},"content":{"rendered":"<div data-elementor-type=\"wp-page\" data-elementor-id=\"2238\" class=\"elementor elementor-2238\">\n\t\t\t\t\t\t<section class=\"elementor-section elementor-top-section elementor-element elementor-element-ed3992e elementor-section-content-middle elementor-section-boxed elementor-section-height-default elementor-section-height-default\" data-id=\"ed3992e\" data-element_type=\"section\" data-settings=\"{&quot;background_background&quot;:&quot;classic&quot;}\">\n\t\t\t\t\t\t\t<div class=\"elementor-background-overlay\"><\/div>\n\t\t\t\t\t\t\t<div class=\"elementor-container elementor-column-gap-wider\">\n\t\t\t\t\t<div class=\"elementor-column elementor-col-100 elementor-top-column elementor-element elementor-element-a47f7ec\" data-id=\"a47f7ec\" data-element_type=\"column\" data-settings=\"{&quot;background_background&quot;:&quot;classic&quot;}\">\n\t\t\t<div class=\"elementor-widget-wrap elementor-element-populated\">\n\t\t\t\t\t\t<div class=\"elementor-element elementor-element-2339d8b elementor-widget elementor-widget-text-editor\" data-id=\"2339d8b\" data-element_type=\"widget\" data-widget_type=\"text-editor.default\">\n\t\t\t\t<div class=\"elementor-widget-container\">\n\t\t\t\t\t\t\t\t\t<p>We are an<span style=\"font-family: baunk;\">\u00a0INFLUENCER REPRESENTATION AGENCY<\/span>. We connect millions of monthly views with <span style=\"font-family: baunk;\">YOUR BRAND<\/span>.<\/p>\t\t\t\t\t\t\t\t<\/div>\n\t\t\t\t<\/div>\n\t\t\t\t\t<\/div>\n\t\t<\/div>\n\t\t\t\t\t<\/div>\n\t\t<\/section>\n\t\t\t\t<section class=\"elementor-section elementor-top-section elementor-element elementor-element-3eead35 elementor-section-content-middle elementor-section-boxed elementor-section-height-default elementor-section-height-default\" data-id=\"3eead35\" data-element_type=\"section\" data-settings=\"{&quot;background_background&quot;:&quot;classic&quot;}\">\n\t\t\t\t\t\t<div class=\"elementor-container elementor-column-gap-default\">\n\t\t\t\t\t<div class=\"elementor-column elementor-col-100 elementor-top-column elementor-element elementor-element-1298ca2\" data-id=\"1298ca2\" data-element_type=\"column\" data-settings=\"{&quot;background_background&quot;:&quot;classic&quot;}\">\n\t\t\t<div class=\"elementor-widget-wrap elementor-element-populated\">\n\t\t\t\t\t\t<div class=\"elementor-element elementor-element-5467bca elementor-widget elementor-widget-text-editor\" data-id=\"5467bca\" data-element_type=\"widget\" data-widget_type=\"text-editor.default\">\n\t\t\t\t<div class=\"elementor-widget-container\">\n\t\t\t\t\t\t\t\t\t<p>We are passionate about carrying out <strong>creative and attractive marketing campaigns<\/strong> together with our influencers, working alongside them and focusing on <strong>meeting the objectives<\/strong> of each campaign.<\/p>\t\t\t\t\t\t\t\t<\/div>\n\t\t\t\t<\/div>\n\t\t\t\t\t<\/div>\n\t\t<\/div>\n\t\t\t\t\t<\/div>\n\t\t<\/section>\n\t\t\t\t<\/div>","protected":false},"excerpt":{"rendered":"<p>Somos una agencia de\u00a0REPRESENTACI\u00d3N DE INFLUENCERS. Conectamos millones de visualizaciones mensuales con TU MARCA. Nos apasiona llevar a cabo campa\u00f1as de marketing creativas y atractivas junto a nuestros influencers, trabajando junto a ellos y centr\u00e1ndonos en cumplir los objetivos de cada una.<\/p>","protected":false},"author":2,"featured_media":0,"parent":0,"menu_order":0,"comment_status":"closed","ping_status":"closed","template":"","meta":{"footnotes":""},"class_list":["post-2238","page","type-page","status-publish","hentry"],"_links":{"self":[{"href":"https:\/\/adamantagency.com\/en\/wp-json\/wp\/v2\/pages\/2238","targetHints":{"allow":["GET"]}}],"collection":[{"href":"https:\/\/adamantagency.com\/en\/wp-json\/wp\/v2\/pages"}],"about":[{"href":"https:\/\/adamantagency.com\/en\/wp-json\/wp\/v2\/types\/page"}],"author":[{"embeddable":true,"href":"https:\/\/adamantagency.com\/en\/wp-json\/wp\/v2\/users\/2"}],"replies":[{"embeddable":true,"href":"https:\/\/adamantagency.com\/en\/wp-json\/wp\/v2\/comments?post=2238"}],"version-history":[{"count":415,"href":"https:\/\/adamantagency.com\/en\/wp-json\/wp\/v2\/pages\/2238\/revisions"}],"predecessor-version":[{"id":6067,"href":"https:\/\/adamantagency.com\/en\/wp-json\/wp\/v2\/pages\/2238\/revisions\/6067"}],"wp:attachment":[{"href":"https:\/\/adamantagency.com\/en\/wp-json\/wp\/v2\/media?parent=2238"}],"curies":[{"name":"wp","href":"https:\/\/api.w.org\/{rel}","templated":true}]}}